{"id":4222,"date":"2019-05-09T18:45:29","date_gmt":"2019-05-09T17:45:29","guid":{"rendered":"http:\/\/bois-colombes-sports-tennis-de-table.fr\/bcstt\/?post_type=product&#038;p=4222"},"modified":"2023-10-13T19:06:27","modified_gmt":"2023-10-13T18:06:27","slug":"tee-shirt-de-competition","status":"publish","type":"product","link":"https:\/\/bois-colombes-sports-tennis-de-table.fr\/bcstt\/produit\/tee-shirt-de-competition\/","title":{"rendered":"T-Shirt Comp\u00e9tition Bleu"},"content":{"rendered":"","protected":false},"excerpt":{"rendered":"<div class=\"mh-excerpt\"><p>Coloris Saison 2015\/2016<br \/>\nFin de s\u00e9rie &#8211; Derni\u00e8res pi\u00e8ces<br \/>\nLe stock ne sera pas renouvel\u00e9<\/p>\n<\/div>","protected":false},"featured_media":4799,"comment_status":"closed","ping_status":"closed","template":"","meta":{"_exactmetrics_skip_tracking":false,"_exactmetrics_sitenote_active":false,"_exactmetrics_sitenote_note":"","_exactmetrics_sitenote_category":0},"product_brand":[],"product_cat":[75],"product_tag":[],"class_list":{"0":"post-4222","1":"product","2":"type-product","3":"status-publish","4":"has-post-thumbnail","6":"product_cat-textile","8":"first","9":"instock","10":"shipping-taxable","11":"purchasable","12":"product-type-variable"},"yoast_head":"<!-- This site is optimized with the Yoast SEO plugin v25.5 - https:\/\/yoast.com\/wordpress\/plugins\/seo\/ -->\n<title>T-Shirt Comp\u00e9tition Bleu -<\/title>\n<meta name=\"robots\" content=\"index, follow, max-snippet:-1, max-image-preview:large, max-video-preview:-1\" \/>\n<link rel=\"canonical\" href=\"https:\/\/bois-colombes-sports-tennis-de-table.fr\/bcstt\/produit\/tee-shirt-de-competition\/\" \/>\n<meta property=\"og:locale\" content=\"fr_FR\" \/>\n<meta property=\"og:type\" content=\"article\" \/>\n<meta property=\"og:title\" content=\"T-Shirt Comp\u00e9tition Bleu -\" \/>\n<meta property=\"og:description\" content=\"Coloris Saison 2015\/2016 Fin de s\u00e9rie - Derni\u00e8res pi\u00e8ces Le stock ne sera pas renouvel\u00e9\" \/>\n<meta property=\"og:url\" content=\"https:\/\/bois-colombes-sports-tennis-de-table.fr\/bcstt\/produit\/tee-shirt-de-competition\/\" \/>\n<meta property=\"article:publisher\" content=\"https:\/\/www.facebook.com\/BCSTennisdeTable\" \/>\n<meta property=\"article:modified_time\" content=\"2023-10-13T18:06:27+00:00\" \/>\n<meta property=\"og:image\" content=\"https:\/\/bois-colombes-sports-tennis-de-table.fr\/bcstt\/wp-content\/uploads\/2019\/05\/4.jpg\" \/>\n\t<meta property=\"og:image:width\" content=\"868\" \/>\n\t<meta property=\"og:image:height\" content=\"795\" \/>\n\t<meta property=\"og:image:type\" content=\"image\/jpeg\" \/>\n<script type=\"application\/ld+json\" class=\"yoast-schema-graph\">{\"@context\":\"https:\/\/schema.org\",\"@graph\":[{\"@type\":\"WebPage\",\"@id\":\"https:\/\/bois-colombes-sports-tennis-de-table.fr\/bcstt\/produit\/tee-shirt-de-competition\/\",\"url\":\"https:\/\/bois-colombes-sports-tennis-de-table.fr\/bcstt\/produit\/tee-shirt-de-competition\/\",\"name\":\"T-Shirt Comp\u00e9tition Bleu -\",\"isPartOf\":{\"@id\":\"http:\/\/bois-colombes-sports-tennis-de-table.fr\/bcstt\/#website\"},\"primaryImageOfPage\":{\"@id\":\"https:\/\/bois-colombes-sports-tennis-de-table.fr\/bcstt\/produit\/tee-shirt-de-competition\/#primaryimage\"},\"image\":{\"@id\":\"https:\/\/bois-colombes-sports-tennis-de-table.fr\/bcstt\/produit\/tee-shirt-de-competition\/#primaryimage\"},\"thumbnailUrl\":\"https:\/\/bois-colombes-sports-tennis-de-table.fr\/bcstt\/wp-content\/uploads\/2019\/05\/4.jpg\",\"datePublished\":\"2019-05-09T17:45:29+00:00\",\"dateModified\":\"2023-10-13T18:06:27+00:00\",\"breadcrumb\":{\"@id\":\"https:\/\/bois-colombes-sports-tennis-de-table.fr\/bcstt\/produit\/tee-shirt-de-competition\/#breadcrumb\"},\"inLanguage\":\"fr-FR\",\"potentialAction\":[{\"@type\":\"ReadAction\",\"target\":[\"https:\/\/bois-colombes-sports-tennis-de-table.fr\/bcstt\/produit\/tee-shirt-de-competition\/\"]}]},{\"@type\":\"ImageObject\",\"inLanguage\":\"fr-FR\",\"@id\":\"https:\/\/bois-colombes-sports-tennis-de-table.fr\/bcstt\/produit\/tee-shirt-de-competition\/#primaryimage\",\"url\":\"https:\/\/bois-colombes-sports-tennis-de-table.fr\/bcstt\/wp-content\/uploads\/2019\/05\/4.jpg\",\"contentUrl\":\"https:\/\/bois-colombes-sports-tennis-de-table.fr\/bcstt\/wp-content\/uploads\/2019\/05\/4.jpg\",\"width\":868,\"height\":795},{\"@type\":\"BreadcrumbList\",\"@id\":\"https:\/\/bois-colombes-sports-tennis-de-table.fr\/bcstt\/produit\/tee-shirt-de-competition\/#breadcrumb\",\"itemListElement\":[{\"@type\":\"ListItem\",\"position\":1,\"name\":\"Accueil\",\"item\":\"http:\/\/bois-colombes-sports-tennis-de-table.fr\/bcstt\/\"},{\"@type\":\"ListItem\",\"position\":2,\"name\":\"Boutique\",\"item\":\"https:\/\/bois-colombes-sports-tennis-de-table.fr\/bcstt\/boutique\/\"},{\"@type\":\"ListItem\",\"position\":3,\"name\":\"T-Shirt Comp\u00e9tition Bleu\"}]},{\"@type\":\"WebSite\",\"@id\":\"http:\/\/bois-colombes-sports-tennis-de-table.fr\/bcstt\/#website\",\"url\":\"http:\/\/bois-colombes-sports-tennis-de-table.fr\/bcstt\/\",\"name\":\"\",\"description\":\"\",\"potentialAction\":[{\"@type\":\"SearchAction\",\"target\":{\"@type\":\"EntryPoint\",\"urlTemplate\":\"http:\/\/bois-colombes-sports-tennis-de-table.fr\/bcstt\/?s={search_term_string}\"},\"query-input\":{\"@type\":\"PropertyValueSpecification\",\"valueRequired\":true,\"valueName\":\"search_term_string\"}}],\"inLanguage\":\"fr-FR\"}]}<\/script>\n<!-- \/ Yoast SEO plugin. -->","yoast_head_json":{"title":"T-Shirt Comp\u00e9tition Bleu -","robots":{"index":"index","follow":"follow","max-snippet":"max-snippet:-1","max-image-preview":"max-image-preview:large","max-video-preview":"max-video-preview:-1"},"canonical":"https:\/\/bois-colombes-sports-tennis-de-table.fr\/bcstt\/produit\/tee-shirt-de-competition\/","og_locale":"fr_FR","og_type":"article","og_title":"T-Shirt Comp\u00e9tition Bleu -","og_description":"Coloris Saison 2015\/2016 Fin de s\u00e9rie - Derni\u00e8res pi\u00e8ces Le stock ne sera pas renouvel\u00e9","og_url":"https:\/\/bois-colombes-sports-tennis-de-table.fr\/bcstt\/produit\/tee-shirt-de-competition\/","article_publisher":"https:\/\/www.facebook.com\/BCSTennisdeTable","article_modified_time":"2023-10-13T18:06:27+00:00","og_image":[{"width":868,"height":795,"url":"https:\/\/bois-colombes-sports-tennis-de-table.fr\/bcstt\/wp-content\/uploads\/2019\/05\/4.jpg","type":"image\/jpeg"}],"schema":{"@context":"https:\/\/schema.org","@graph":[{"@type":"WebPage","@id":"https:\/\/bois-colombes-sports-tennis-de-table.fr\/bcstt\/produit\/tee-shirt-de-competition\/","url":"https:\/\/bois-colombes-sports-tennis-de-table.fr\/bcstt\/produit\/tee-shirt-de-competition\/","name":"T-Shirt Comp\u00e9tition Bleu -","isPartOf":{"@id":"http:\/\/bois-colombes-sports-tennis-de-table.fr\/bcstt\/#website"},"primaryImageOfPage":{"@id":"https:\/\/bois-colombes-sports-tennis-de-table.fr\/bcstt\/produit\/tee-shirt-de-competition\/#primaryimage"},"image":{"@id":"https:\/\/bois-colombes-sports-tennis-de-table.fr\/bcstt\/produit\/tee-shirt-de-competition\/#primaryimage"},"thumbnailUrl":"https:\/\/bois-colombes-sports-tennis-de-table.fr\/bcstt\/wp-content\/uploads\/2019\/05\/4.jpg","datePublished":"2019-05-09T17:45:29+00:00","dateModified":"2023-10-13T18:06:27+00:00","breadcrumb":{"@id":"https:\/\/bois-colombes-sports-tennis-de-table.fr\/bcstt\/produit\/tee-shirt-de-competition\/#breadcrumb"},"inLanguage":"fr-FR","potentialAction":[{"@type":"ReadAction","target":["https:\/\/bois-colombes-sports-tennis-de-table.fr\/bcstt\/produit\/tee-shirt-de-competition\/"]}]},{"@type":"ImageObject","inLanguage":"fr-FR","@id":"https:\/\/bois-colombes-sports-tennis-de-table.fr\/bcstt\/produit\/tee-shirt-de-competition\/#primaryimage","url":"https:\/\/bois-colombes-sports-tennis-de-table.fr\/bcstt\/wp-content\/uploads\/2019\/05\/4.jpg","contentUrl":"https:\/\/bois-colombes-sports-tennis-de-table.fr\/bcstt\/wp-content\/uploads\/2019\/05\/4.jpg","width":868,"height":795},{"@type":"BreadcrumbList","@id":"https:\/\/bois-colombes-sports-tennis-de-table.fr\/bcstt\/produit\/tee-shirt-de-competition\/#breadcrumb","itemListElement":[{"@type":"ListItem","position":1,"name":"Accueil","item":"http:\/\/bois-colombes-sports-tennis-de-table.fr\/bcstt\/"},{"@type":"ListItem","position":2,"name":"Boutique","item":"https:\/\/bois-colombes-sports-tennis-de-table.fr\/bcstt\/boutique\/"},{"@type":"ListItem","position":3,"name":"T-Shirt Comp\u00e9tition Bleu"}]},{"@type":"WebSite","@id":"http:\/\/bois-colombes-sports-tennis-de-table.fr\/bcstt\/#website","url":"http:\/\/bois-colombes-sports-tennis-de-table.fr\/bcstt\/","name":"","description":"","potentialAction":[{"@type":"SearchAction","target":{"@type":"EntryPoint","urlTemplate":"http:\/\/bois-colombes-sports-tennis-de-table.fr\/bcstt\/?s={search_term_string}"},"query-input":{"@type":"PropertyValueSpecification","valueRequired":true,"valueName":"search_term_string"}}],"inLanguage":"fr-FR"}]}},"_links":{"self":[{"href":"https:\/\/bois-colombes-sports-tennis-de-table.fr\/bcstt\/wp-json\/wp\/v2\/product\/4222"}],"collection":[{"href":"https:\/\/bois-colombes-sports-tennis-de-table.fr\/bcstt\/wp-json\/wp\/v2\/product"}],"about":[{"href":"https:\/\/bois-colombes-sports-tennis-de-table.fr\/bcstt\/wp-json\/wp\/v2\/types\/product"}],"replies":[{"embeddable":true,"href":"https:\/\/bois-colombes-sports-tennis-de-table.fr\/bcstt\/wp-json\/wp\/v2\/comments?post=4222"}],"wp:featuredmedia":[{"embeddable":true,"href":"https:\/\/bois-colombes-sports-tennis-de-table.fr\/bcstt\/wp-json\/wp\/v2\/media\/4799"}],"wp:attachment":[{"href":"https:\/\/bois-colombes-sports-tennis-de-table.fr\/bcstt\/wp-json\/wp\/v2\/media?parent=4222"}],"wp:term":[{"taxonomy":"product_brand","embeddable":true,"href":"https:\/\/bois-colombes-sports-tennis-de-table.fr\/bcstt\/wp-json\/wp\/v2\/product_brand?post=4222"},{"taxonomy":"product_cat","embeddable":true,"href":"https:\/\/bois-colombes-sports-tennis-de-table.fr\/bcstt\/wp-json\/wp\/v2\/product_cat?post=4222"},{"taxonomy":"product_tag","embeddable":true,"href":"https:\/\/bois-colombes-sports-tennis-de-table.fr\/bcstt\/wp-json\/wp\/v2\/product_tag?post=4222"}],"curies":[{"name":"wp","href":"https:\/\/api.w.org\/{rel}","templated":true}]}}