{"id":3894,"date":"2017-02-28T10:44:09","date_gmt":"2017-02-28T09:44:09","guid":{"rendered":"http:\/\/bois-colombes-sports-tennis-de-table.fr\/bcstt\/?post_type=product&#038;p=3894"},"modified":"2023-10-12T10:40:35","modified_gmt":"2023-10-12T09:40:35","slug":"t-shirt-vert2","status":"publish","type":"product","link":"https:\/\/bois-colombes-sports-tennis-de-table.fr\/bcstt\/produit\/t-shirt-vert2\/","title":{"rendered":"T-Shirt Entrainement Vert"},"content":{"rendered":"<p>Coloris :\u00a0Vert fluo<\/p>\n<p>R\u00e9f fournisseur :\u00a0SPORTY\u00a0NEON 286<\/p>\n<p>En maille piqu\u00e9e, microfibre respirant<\/p>\n<p>100% polyester<\/p>\n","protected":false},"excerpt":{"rendered":"<div class=\"mh-excerpt\"><p>Coloris Saison 2015\/2016<br \/>\nFin de s\u00e9rie &#8211; Derni\u00e8res pi\u00e8ces<br \/>\nLe stock ne sera pas renouvel\u00e9<\/p>\n<\/div>","protected":false},"featured_media":4796,"comment_status":"closed","ping_status":"closed","template":"","meta":{"_exactmetrics_skip_tracking":false,"_exactmetrics_sitenote_active":false,"_exactmetrics_sitenote_note":"","_exactmetrics_sitenote_category":0},"product_brand":[],"product_cat":[75],"product_tag":[],"class_list":{"0":"post-3894","1":"product","2":"type-product","3":"status-publish","4":"has-post-thumbnail","6":"product_cat-textile","8":"first","9":"instock","10":"shipping-taxable","11":"purchasable","12":"product-type-variable"},"yoast_head":"<!-- This site is optimized with the Yoast SEO plugin v25.5 - https:\/\/yoast.com\/wordpress\/plugins\/seo\/ -->\n<title>T-Shirt Entrainement Vert -<\/title>\n<meta name=\"robots\" content=\"index, follow, max-snippet:-1, max-image-preview:large, max-video-preview:-1\" \/>\n<link rel=\"canonical\" href=\"https:\/\/bois-colombes-sports-tennis-de-table.fr\/bcstt\/produit\/t-shirt-vert2\/\" \/>\n<meta property=\"og:locale\" content=\"fr_FR\" \/>\n<meta property=\"og:type\" content=\"article\" \/>\n<meta property=\"og:title\" content=\"T-Shirt Entrainement Vert -\" \/>\n<meta property=\"og:description\" content=\"Coloris Saison 2015\/2016 Fin de s\u00e9rie - Derni\u00e8res pi\u00e8ces Le stock ne sera pas renouvel\u00e9\" \/>\n<meta property=\"og:url\" content=\"https:\/\/bois-colombes-sports-tennis-de-table.fr\/bcstt\/produit\/t-shirt-vert2\/\" \/>\n<meta property=\"article:publisher\" content=\"https:\/\/www.facebook.com\/BCSTennisdeTable\" \/>\n<meta property=\"article:modified_time\" content=\"2023-10-12T09:40:35+00:00\" \/>\n<meta property=\"og:image\" content=\"https:\/\/bois-colombes-sports-tennis-de-table.fr\/bcstt\/wp-content\/uploads\/2017\/02\/10.jpg\" \/>\n\t<meta property=\"og:image:width\" content=\"1736\" \/>\n\t<meta property=\"og:image:height\" content=\"1574\" \/>\n\t<meta property=\"og:image:type\" content=\"image\/jpeg\" \/>\n<meta name=\"twitter:label1\" content=\"Dur\u00e9e de lecture estim\u00e9e\" \/>\n\t<meta name=\"twitter:data1\" content=\"1 minute\" \/>\n<script type=\"application\/ld+json\" class=\"yoast-schema-graph\">{\"@context\":\"https:\/\/schema.org\",\"@graph\":[{\"@type\":\"WebPage\",\"@id\":\"https:\/\/bois-colombes-sports-tennis-de-table.fr\/bcstt\/produit\/t-shirt-vert2\/\",\"url\":\"https:\/\/bois-colombes-sports-tennis-de-table.fr\/bcstt\/produit\/t-shirt-vert2\/\",\"name\":\"T-Shirt Entrainement Vert -\",\"isPartOf\":{\"@id\":\"http:\/\/bois-colombes-sports-tennis-de-table.fr\/bcstt\/#website\"},\"primaryImageOfPage\":{\"@id\":\"https:\/\/bois-colombes-sports-tennis-de-table.fr\/bcstt\/produit\/t-shirt-vert2\/#primaryimage\"},\"image\":{\"@id\":\"https:\/\/bois-colombes-sports-tennis-de-table.fr\/bcstt\/produit\/t-shirt-vert2\/#primaryimage\"},\"thumbnailUrl\":\"https:\/\/bois-colombes-sports-tennis-de-table.fr\/bcstt\/wp-content\/uploads\/2017\/02\/10.jpg\",\"datePublished\":\"2017-02-28T09:44:09+00:00\",\"dateModified\":\"2023-10-12T09:40:35+00:00\",\"breadcrumb\":{\"@id\":\"https:\/\/bois-colombes-sports-tennis-de-table.fr\/bcstt\/produit\/t-shirt-vert2\/#breadcrumb\"},\"inLanguage\":\"fr-FR\",\"potentialAction\":[{\"@type\":\"ReadAction\",\"target\":[\"https:\/\/bois-colombes-sports-tennis-de-table.fr\/bcstt\/produit\/t-shirt-vert2\/\"]}]},{\"@type\":\"ImageObject\",\"inLanguage\":\"fr-FR\",\"@id\":\"https:\/\/bois-colombes-sports-tennis-de-table.fr\/bcstt\/produit\/t-shirt-vert2\/#primaryimage\",\"url\":\"https:\/\/bois-colombes-sports-tennis-de-table.fr\/bcstt\/wp-content\/uploads\/2017\/02\/10.jpg\",\"contentUrl\":\"https:\/\/bois-colombes-sports-tennis-de-table.fr\/bcstt\/wp-content\/uploads\/2017\/02\/10.jpg\",\"width\":1736,\"height\":1574},{\"@type\":\"BreadcrumbList\",\"@id\":\"https:\/\/bois-colombes-sports-tennis-de-table.fr\/bcstt\/produit\/t-shirt-vert2\/#breadcrumb\",\"itemListElement\":[{\"@type\":\"ListItem\",\"position\":1,\"name\":\"Accueil\",\"item\":\"http:\/\/bois-colombes-sports-tennis-de-table.fr\/bcstt\/\"},{\"@type\":\"ListItem\",\"position\":2,\"name\":\"Boutique\",\"item\":\"https:\/\/bois-colombes-sports-tennis-de-table.fr\/bcstt\/boutique\/\"},{\"@type\":\"ListItem\",\"position\":3,\"name\":\"T-Shirt Entrainement Vert\"}]},{\"@type\":\"WebSite\",\"@id\":\"http:\/\/bois-colombes-sports-tennis-de-table.fr\/bcstt\/#website\",\"url\":\"http:\/\/bois-colombes-sports-tennis-de-table.fr\/bcstt\/\",\"name\":\"\",\"description\":\"\",\"potentialAction\":[{\"@type\":\"SearchAction\",\"target\":{\"@type\":\"EntryPoint\",\"urlTemplate\":\"http:\/\/bois-colombes-sports-tennis-de-table.fr\/bcstt\/?s={search_term_string}\"},\"query-input\":{\"@type\":\"PropertyValueSpecification\",\"valueRequired\":true,\"valueName\":\"search_term_string\"}}],\"inLanguage\":\"fr-FR\"}]}<\/script>\n<!-- \/ Yoast SEO plugin. -->","yoast_head_json":{"title":"T-Shirt Entrainement Vert -","robots":{"index":"index","follow":"follow","max-snippet":"max-snippet:-1","max-image-preview":"max-image-preview:large","max-video-preview":"max-video-preview:-1"},"canonical":"https:\/\/bois-colombes-sports-tennis-de-table.fr\/bcstt\/produit\/t-shirt-vert2\/","og_locale":"fr_FR","og_type":"article","og_title":"T-Shirt Entrainement Vert -","og_description":"Coloris Saison 2015\/2016 Fin de s\u00e9rie - Derni\u00e8res pi\u00e8ces Le stock ne sera pas renouvel\u00e9","og_url":"https:\/\/bois-colombes-sports-tennis-de-table.fr\/bcstt\/produit\/t-shirt-vert2\/","article_publisher":"https:\/\/www.facebook.com\/BCSTennisdeTable","article_modified_time":"2023-10-12T09:40:35+00:00","og_image":[{"width":1736,"height":1574,"url":"https:\/\/bois-colombes-sports-tennis-de-table.fr\/bcstt\/wp-content\/uploads\/2017\/02\/10.jpg","type":"image\/jpeg"}],"twitter_misc":{"Dur\u00e9e de lecture estim\u00e9e":"1 minute"},"schema":{"@context":"https:\/\/schema.org","@graph":[{"@type":"WebPage","@id":"https:\/\/bois-colombes-sports-tennis-de-table.fr\/bcstt\/produit\/t-shirt-vert2\/","url":"https:\/\/bois-colombes-sports-tennis-de-table.fr\/bcstt\/produit\/t-shirt-vert2\/","name":"T-Shirt Entrainement Vert -","isPartOf":{"@id":"http:\/\/bois-colombes-sports-tennis-de-table.fr\/bcstt\/#website"},"primaryImageOfPage":{"@id":"https:\/\/bois-colombes-sports-tennis-de-table.fr\/bcstt\/produit\/t-shirt-vert2\/#primaryimage"},"image":{"@id":"https:\/\/bois-colombes-sports-tennis-de-table.fr\/bcstt\/produit\/t-shirt-vert2\/#primaryimage"},"thumbnailUrl":"https:\/\/bois-colombes-sports-tennis-de-table.fr\/bcstt\/wp-content\/uploads\/2017\/02\/10.jpg","datePublished":"2017-02-28T09:44:09+00:00","dateModified":"2023-10-12T09:40:35+00:00","breadcrumb":{"@id":"https:\/\/bois-colombes-sports-tennis-de-table.fr\/bcstt\/produit\/t-shirt-vert2\/#breadcrumb"},"inLanguage":"fr-FR","potentialAction":[{"@type":"ReadAction","target":["https:\/\/bois-colombes-sports-tennis-de-table.fr\/bcstt\/produit\/t-shirt-vert2\/"]}]},{"@type":"ImageObject","inLanguage":"fr-FR","@id":"https:\/\/bois-colombes-sports-tennis-de-table.fr\/bcstt\/produit\/t-shirt-vert2\/#primaryimage","url":"https:\/\/bois-colombes-sports-tennis-de-table.fr\/bcstt\/wp-content\/uploads\/2017\/02\/10.jpg","contentUrl":"https:\/\/bois-colombes-sports-tennis-de-table.fr\/bcstt\/wp-content\/uploads\/2017\/02\/10.jpg","width":1736,"height":1574},{"@type":"BreadcrumbList","@id":"https:\/\/bois-colombes-sports-tennis-de-table.fr\/bcstt\/produit\/t-shirt-vert2\/#breadcrumb","itemListElement":[{"@type":"ListItem","position":1,"name":"Accueil","item":"http:\/\/bois-colombes-sports-tennis-de-table.fr\/bcstt\/"},{"@type":"ListItem","position":2,"name":"Boutique","item":"https:\/\/bois-colombes-sports-tennis-de-table.fr\/bcstt\/boutique\/"},{"@type":"ListItem","position":3,"name":"T-Shirt Entrainement Vert"}]},{"@type":"WebSite","@id":"http:\/\/bois-colombes-sports-tennis-de-table.fr\/bcstt\/#website","url":"http:\/\/bois-colombes-sports-tennis-de-table.fr\/bcstt\/","name":"","description":"","potentialAction":[{"@type":"SearchAction","target":{"@type":"EntryPoint","urlTemplate":"http:\/\/bois-colombes-sports-tennis-de-table.fr\/bcstt\/?s={search_term_string}"},"query-input":{"@type":"PropertyValueSpecification","valueRequired":true,"valueName":"search_term_string"}}],"inLanguage":"fr-FR"}]}},"_links":{"self":[{"href":"https:\/\/bois-colombes-sports-tennis-de-table.fr\/bcstt\/wp-json\/wp\/v2\/product\/3894"}],"collection":[{"href":"https:\/\/bois-colombes-sports-tennis-de-table.fr\/bcstt\/wp-json\/wp\/v2\/product"}],"about":[{"href":"https:\/\/bois-colombes-sports-tennis-de-table.fr\/bcstt\/wp-json\/wp\/v2\/types\/product"}],"replies":[{"embeddable":true,"href":"https:\/\/bois-colombes-sports-tennis-de-table.fr\/bcstt\/wp-json\/wp\/v2\/comments?post=3894"}],"wp:featuredmedia":[{"embeddable":true,"href":"https:\/\/bois-colombes-sports-tennis-de-table.fr\/bcstt\/wp-json\/wp\/v2\/media\/4796"}],"wp:attachment":[{"href":"https:\/\/bois-colombes-sports-tennis-de-table.fr\/bcstt\/wp-json\/wp\/v2\/media?parent=3894"}],"wp:term":[{"taxonomy":"product_brand","embeddable":true,"href":"https:\/\/bois-colombes-sports-tennis-de-table.fr\/bcstt\/wp-json\/wp\/v2\/product_brand?post=3894"},{"taxonomy":"product_cat","embeddable":true,"href":"https:\/\/bois-colombes-sports-tennis-de-table.fr\/bcstt\/wp-json\/wp\/v2\/product_cat?post=3894"},{"taxonomy":"product_tag","embeddable":true,"href":"https:\/\/bois-colombes-sports-tennis-de-table.fr\/bcstt\/wp-json\/wp\/v2\/product_tag?post=3894"}],"curies":[{"name":"wp","href":"https:\/\/api.w.org\/{rel}","templated":true}]}}