{"id":2362,"date":"2015-12-18T10:41:04","date_gmt":"2015-12-18T09:41:04","guid":{"rendered":"http:\/\/bois-colombes-sports-tennis-de-table.fr\/bcstt\/?page_id=2362"},"modified":"2020-09-29T13:55:10","modified_gmt":"2020-09-29T12:55:10","slug":"equipe-1","status":"publish","type":"page","link":"https:\/\/bois-colombes-sports-tennis-de-table.fr\/bcstt\/equipe-1\/","title":{"rendered":"Equipe 1"},"content":{"rendered":"<table class=\"wp-list-table widefat fixed striped posts\">\n<tbody id=\"the-list\">\n<tr>\n<td>Probl\u00e8me lors de la r\u00e9cup\u00e9ration des r\u00e9sultats<\/td>\n<\/tr>\n<\/tbody>\n<\/table><p><\/p>","protected":false},"excerpt":{"rendered":"<div class=\"mh-excerpt\"><\/div>","protected":false},"author":1,"featured_media":0,"parent":0,"menu_order":0,"comment_status":"closed","ping_status":"open","template":"","meta":{"_exactmetrics_skip_tracking":false,"_exactmetrics_sitenote_active":false,"_exactmetrics_sitenote_note":"","_exactmetrics_sitenote_category":0,"footnotes":""},"class_list":["post-2362","page","type-page","status-publish","hentry"],"yoast_head":"<!-- This site is optimized with the Yoast SEO plugin v25.5 - https:\/\/yoast.com\/wordpress\/plugins\/seo\/ -->\n<title>Equipe 1 -<\/title>\n<meta name=\"robots\" content=\"index, follow, max-snippet:-1, max-image-preview:large, max-video-preview:-1\" \/>\n<link rel=\"canonical\" href=\"http:\/\/bois-colombes-sports-tennis-de-table.fr\/bcstt\/equipe-1\/\" \/>\n<meta property=\"og:locale\" content=\"fr_FR\" \/>\n<meta property=\"og:type\" content=\"article\" \/>\n<meta property=\"og:title\" content=\"Equipe 1 -\" \/>\n<meta property=\"og:url\" content=\"http:\/\/bois-colombes-sports-tennis-de-table.fr\/bcstt\/equipe-1\/\" \/>\n<meta property=\"article:publisher\" content=\"https:\/\/www.facebook.com\/BCSTennisdeTable\" \/>\n<meta property=\"article:modified_time\" content=\"2020-09-29T12:55:10+00:00\" \/>\n<script type=\"application\/ld+json\" class=\"yoast-schema-graph\">{\"@context\":\"https:\/\/schema.org\",\"@graph\":[{\"@type\":\"WebPage\",\"@id\":\"http:\/\/bois-colombes-sports-tennis-de-table.fr\/bcstt\/equipe-1\/\",\"url\":\"http:\/\/bois-colombes-sports-tennis-de-table.fr\/bcstt\/equipe-1\/\",\"name\":\"Equipe 1 -\",\"isPartOf\":{\"@id\":\"http:\/\/bois-colombes-sports-tennis-de-table.fr\/bcstt\/#website\"},\"datePublished\":\"2015-12-18T09:41:04+00:00\",\"dateModified\":\"2020-09-29T12:55:10+00:00\",\"breadcrumb\":{\"@id\":\"http:\/\/bois-colombes-sports-tennis-de-table.fr\/bcstt\/equipe-1\/#breadcrumb\"},\"inLanguage\":\"fr-FR\",\"potentialAction\":[{\"@type\":\"ReadAction\",\"target\":[\"http:\/\/bois-colombes-sports-tennis-de-table.fr\/bcstt\/equipe-1\/\"]}]},{\"@type\":\"BreadcrumbList\",\"@id\":\"http:\/\/bois-colombes-sports-tennis-de-table.fr\/bcstt\/equipe-1\/#breadcrumb\",\"itemListElement\":[{\"@type\":\"ListItem\",\"position\":1,\"name\":\"Accueil\",\"item\":\"http:\/\/bois-colombes-sports-tennis-de-table.fr\/bcstt\/\"},{\"@type\":\"ListItem\",\"position\":2,\"name\":\"Equipe 1\"}]},{\"@type\":\"WebSite\",\"@id\":\"http:\/\/bois-colombes-sports-tennis-de-table.fr\/bcstt\/#website\",\"url\":\"http:\/\/bois-colombes-sports-tennis-de-table.fr\/bcstt\/\",\"name\":\"\",\"description\":\"\",\"potentialAction\":[{\"@type\":\"SearchAction\",\"target\":{\"@type\":\"EntryPoint\",\"urlTemplate\":\"http:\/\/bois-colombes-sports-tennis-de-table.fr\/bcstt\/?s={search_term_string}\"},\"query-input\":{\"@type\":\"PropertyValueSpecification\",\"valueRequired\":true,\"valueName\":\"search_term_string\"}}],\"inLanguage\":\"fr-FR\"}]}<\/script>\n<!-- \/ Yoast SEO plugin. -->","yoast_head_json":{"title":"Equipe 1 -","robots":{"index":"index","follow":"follow","max-snippet":"max-snippet:-1","max-image-preview":"max-image-preview:large","max-video-preview":"max-video-preview:-1"},"canonical":"http:\/\/bois-colombes-sports-tennis-de-table.fr\/bcstt\/equipe-1\/","og_locale":"fr_FR","og_type":"article","og_title":"Equipe 1 -","og_url":"http:\/\/bois-colombes-sports-tennis-de-table.fr\/bcstt\/equipe-1\/","article_publisher":"https:\/\/www.facebook.com\/BCSTennisdeTable","article_modified_time":"2020-09-29T12:55:10+00:00","schema":{"@context":"https:\/\/schema.org","@graph":[{"@type":"WebPage","@id":"http:\/\/bois-colombes-sports-tennis-de-table.fr\/bcstt\/equipe-1\/","url":"http:\/\/bois-colombes-sports-tennis-de-table.fr\/bcstt\/equipe-1\/","name":"Equipe 1 -","isPartOf":{"@id":"http:\/\/bois-colombes-sports-tennis-de-table.fr\/bcstt\/#website"},"datePublished":"2015-12-18T09:41:04+00:00","dateModified":"2020-09-29T12:55:10+00:00","breadcrumb":{"@id":"http:\/\/bois-colombes-sports-tennis-de-table.fr\/bcstt\/equipe-1\/#breadcrumb"},"inLanguage":"fr-FR","potentialAction":[{"@type":"ReadAction","target":["http:\/\/bois-colombes-sports-tennis-de-table.fr\/bcstt\/equipe-1\/"]}]},{"@type":"BreadcrumbList","@id":"http:\/\/bois-colombes-sports-tennis-de-table.fr\/bcstt\/equipe-1\/#breadcrumb","itemListElement":[{"@type":"ListItem","position":1,"name":"Accueil","item":"http:\/\/bois-colombes-sports-tennis-de-table.fr\/bcstt\/"},{"@type":"ListItem","position":2,"name":"Equipe 1"}]},{"@type":"WebSite","@id":"http:\/\/bois-colombes-sports-tennis-de-table.fr\/bcstt\/#website","url":"http:\/\/bois-colombes-sports-tennis-de-table.fr\/bcstt\/","name":"","description":"","potentialAction":[{"@type":"SearchAction","target":{"@type":"EntryPoint","urlTemplate":"http:\/\/bois-colombes-sports-tennis-de-table.fr\/bcstt\/?s={search_term_string}"},"query-input":{"@type":"PropertyValueSpecification","valueRequired":true,"valueName":"search_term_string"}}],"inLanguage":"fr-FR"}]}},"_links":{"self":[{"href":"https:\/\/bois-colombes-sports-tennis-de-table.fr\/bcstt\/wp-json\/wp\/v2\/pages\/2362"}],"collection":[{"href":"https:\/\/bois-colombes-sports-tennis-de-table.fr\/bcstt\/wp-json\/wp\/v2\/pages"}],"about":[{"href":"https:\/\/bois-colombes-sports-tennis-de-table.fr\/bcstt\/wp-json\/wp\/v2\/types\/page"}],"author":[{"embeddable":true,"href":"https:\/\/bois-colombes-sports-tennis-de-table.fr\/bcstt\/wp-json\/wp\/v2\/users\/1"}],"replies":[{"embeddable":true,"href":"https:\/\/bois-colombes-sports-tennis-de-table.fr\/bcstt\/wp-json\/wp\/v2\/comments?post=2362"}],"version-history":[{"count":10,"href":"https:\/\/bois-colombes-sports-tennis-de-table.fr\/bcstt\/wp-json\/wp\/v2\/pages\/2362\/revisions"}],"predecessor-version":[{"id":4633,"href":"https:\/\/bois-colombes-sports-tennis-de-table.fr\/bcstt\/wp-json\/wp\/v2\/pages\/2362\/revisions\/4633"}],"wp:attachment":[{"href":"https:\/\/bois-colombes-sports-tennis-de-table.fr\/bcstt\/wp-json\/wp\/v2\/media?parent=2362"}],"curies":[{"name":"wp","href":"https:\/\/api.w.org\/{rel}","templated":true}]}}