{"id":668,"date":"2014-08-27T09:09:57","date_gmt":"2014-08-27T08:09:57","guid":{"rendered":"http:\/\/prigent.fr\/bcstt\/?page_id=668"},"modified":"2024-09-04T07:07:27","modified_gmt":"2024-09-04T06:07:27","slug":"accueil","status":"publish","type":"page","link":"http:\/\/bois-colombes-sports-tennis-de-table.fr\/bcstt\/","title":{"rendered":"Accueil"},"content":{"rendered":"<p><a href=\"http:\/\/bois-colombes-sports-tennis-de-table.fr\/bcstt\/wp-content\/uploads\/2020\/04\/logo-bcs-bienvenue.png\"><img loading=\"lazy\" decoding=\"async\" class=\"aligncenter wp-image-4471\" src=\"http:\/\/bois-colombes-sports-tennis-de-table.fr\/bcstt\/wp-content\/uploads\/2020\/04\/logo-bcs-bienvenue.png\" alt=\"\" width=\"1055\" height=\"133\" srcset=\"http:\/\/bois-colombes-sports-tennis-de-table.fr\/bcstt\/wp-content\/uploads\/2020\/04\/logo-bcs-bienvenue.png 801w, http:\/\/bois-colombes-sports-tennis-de-table.fr\/bcstt\/wp-content\/uploads\/2020\/04\/logo-bcs-bienvenue-600x76.png 600w, http:\/\/bois-colombes-sports-tennis-de-table.fr\/bcstt\/wp-content\/uploads\/2020\/04\/logo-bcs-bienvenue-300x38.png 300w, http:\/\/bois-colombes-sports-tennis-de-table.fr\/bcstt\/wp-content\/uploads\/2020\/04\/logo-bcs-bienvenue-768x97.png 768w\" sizes=\"(max-width: 1055px) 100vw, 1055px\" \/><\/a><\/p>\n<div><span style=\"text-decoration: underline;\"><a href=\"http:\/\/bois-colombes-sports-tennis-de-table.fr\/bcstt\/wp-content\/uploads\/2020\/04\/labels.png\"><img loading=\"lazy\" decoding=\"async\" class=\"aligncenter wp-image-4468\" src=\"http:\/\/bois-colombes-sports-tennis-de-table.fr\/bcstt\/wp-content\/uploads\/2020\/04\/labels.png\" alt=\"\" width=\"1328\" height=\"113\" srcset=\"http:\/\/bois-colombes-sports-tennis-de-table.fr\/bcstt\/wp-content\/uploads\/2020\/04\/labels.png 799w, http:\/\/bois-colombes-sports-tennis-de-table.fr\/bcstt\/wp-content\/uploads\/2020\/04\/labels-600x51.png 600w, http:\/\/bois-colombes-sports-tennis-de-table.fr\/bcstt\/wp-content\/uploads\/2020\/04\/labels-300x26.png 300w, http:\/\/bois-colombes-sports-tennis-de-table.fr\/bcstt\/wp-content\/uploads\/2020\/04\/labels-768x65.png 768w\" sizes=\"(max-width: 1328px) 100vw, 1328px\" \/><\/a><\/span><\/div>\n<div>\u00a0<\/div>\n<div><span style=\"text-decoration: underline;\">Infos:<\/span><\/div>\n<div dir=\"auto\">\u00a0<\/div>\n<hr \/>\n<div><iframe loading=\"lazy\" style=\"border: solid 1px #777;\" src=\"https:\/\/calendar.google.com\/calendar\/embed?height=300&amp;wkst=2&amp;bgcolor=%23D50000&amp;ctz=Europe%2FParis&amp;showTz=0&amp;showCalendars=0&amp;showTabs=1&amp;showNav=1&amp;mode=AGENDA&amp;showTitle=0&amp;src=YmNzdGVubmlzZGV0YWJsZUBnbWFpbC5jb20&amp;src=YWRkcmVzc2Jvb2sjY29udGFjdHNAZ3JvdXAudi5jYWxlbmRhci5nb29nbGUuY29t&amp;src=ZnIuZnJlbmNoI2hvbGlkYXlAZ3JvdXAudi5jYWxlbmRhci5nb29nbGUuY29t&amp;color=%23039BE5&amp;color=%2333B679&amp;color=%230B8043\" width=\"800\" height=\"300\" frameborder=\"0\" scrolling=\"no\"><\/iframe>\n<div>\u00a0<\/div>\n<div>Acc\u00e8s direct au planning des cours: <a href=\"https:\/\/bois-colombes-sports-tennis-de-table.fr\/bcstt\/planning-de-la-salle\/\">cliquez ici<\/a><\/div>\n<div>\u00a0<\/div>\n<div><a href=\"http:\/\/bois-colombes-sports-tennis-de-table.fr\/bcstt\/wp-content\/uploads\/2024\/01\/417053930_1113549296306788_5325502845925842406_n.jpg\"><img loading=\"lazy\" decoding=\"async\" class=\"aligncenter size-full wp-image-5093\" src=\"http:\/\/bois-colombes-sports-tennis-de-table.fr\/bcstt\/wp-content\/uploads\/2024\/01\/417053930_1113549296306788_5325502845925842406_n.jpg\" alt=\"\" width=\"1024\" height=\"768\" srcset=\"http:\/\/bois-colombes-sports-tennis-de-table.fr\/bcstt\/wp-content\/uploads\/2024\/01\/417053930_1113549296306788_5325502845925842406_n.jpg 1024w, http:\/\/bois-colombes-sports-tennis-de-table.fr\/bcstt\/wp-content\/uploads\/2024\/01\/417053930_1113549296306788_5325502845925842406_n-300x225.jpg 300w, http:\/\/bois-colombes-sports-tennis-de-table.fr\/bcstt\/wp-content\/uploads\/2024\/01\/417053930_1113549296306788_5325502845925842406_n-768x576.jpg 768w, http:\/\/bois-colombes-sports-tennis-de-table.fr\/bcstt\/wp-content\/uploads\/2024\/01\/417053930_1113549296306788_5325502845925842406_n-678x509.jpg 678w, http:\/\/bois-colombes-sports-tennis-de-table.fr\/bcstt\/wp-content\/uploads\/2024\/01\/417053930_1113549296306788_5325502845925842406_n-326x245.jpg 326w, http:\/\/bois-colombes-sports-tennis-de-table.fr\/bcstt\/wp-content\/uploads\/2024\/01\/417053930_1113549296306788_5325502845925842406_n-80x60.jpg 80w, http:\/\/bois-colombes-sports-tennis-de-table.fr\/bcstt\/wp-content\/uploads\/2024\/01\/417053930_1113549296306788_5325502845925842406_n-600x450.jpg 600w\" sizes=\"(max-width: 1024px) 100vw, 1024px\" \/><\/a><\/div>\n<div>\u00a0<\/div>\n<div>\u00a0<\/div>\n<div>Retrouvez toutes les photos des \u00e9v\u00e9nements \u00e0 l&#8217;adresse suivante:\u00a0<a href=\"https:\/\/www.flickr.com\/photos\/bcstt\/albums\">https:\/\/www.flickr.com\/photos\/bcstt\/albums<\/a><\/div>\n<div><img loading=\"lazy\" decoding=\"async\" class=\"aligncenter\" src=\"http:\/\/www.windowsphonearea.com\/wp-content\/uploads\/2014\/06\/flickr-logo.jpg\" width=\"76\" height=\"64\" \/><\/div>\n<\/div>\n<div>\u00a0<\/div>\n<div style=\"text-align: center;\">\u00a0<\/div>\n<div>\n<div>\u00a0<\/div>\n<div><hr \/><\/div>\n<p><strong>Les ouvertures de la salle:<\/strong><\/p>\n<\/div>\n<div>\n<div><hr \/><\/div>\n<\/div>\n<p style=\"padding-left: 60px; text-align: center;\"><a href=\"http:\/\/bois-colombes-sports-tennis-de-table.fr\/bcstt\/wp-content\/uploads\/2019\/01\/ping.gif\"><img loading=\"lazy\" decoding=\"async\" class=\"size-full wp-image-4185 aligncenter\" src=\"http:\/\/bois-colombes-sports-tennis-de-table.fr\/bcstt\/wp-content\/uploads\/2019\/01\/ping.gif\" alt=\"\" width=\"277\" height=\"280\" \/><\/a><\/p><p class=\"fonts-plugin-block \"><\/p><p><\/p>","protected":false},"excerpt":{"rendered":"<div class=\"mh-excerpt\"><p>\u00a0 Infos: \u00a0 \u00a0 Acc\u00e8s direct au planning des cours: cliquez ici \u00a0 \u00a0 \u00a0 Retrouvez toutes les photos des \u00e9v\u00e9nements \u00e0 l&#8217;adresse suivante:\u00a0https:\/\/www.flickr.com\/photos\/bcstt\/albums \u00a0 <a class=\"mh-excerpt-more\" href=\"http:\/\/bois-colombes-sports-tennis-de-table.fr\/bcstt\/\" title=\"Accueil\">[&#8230;]<\/a><\/p>\n<\/div>","protected":false},"author":1,"featured_media":0,"parent":0,"menu_order":0,"comment_status":"closed","ping_status":"open","template":"","meta":{"_exactmetrics_skip_tracking":false,"_exactmetrics_sitenote_active":false,"_exactmetrics_sitenote_note":"","_exactmetrics_sitenote_category":0,"footnotes":""},"class_list":["post-668","page","type-page","status-publish","hentry"],"yoast_head":"<!-- This site is optimized with the Yoast SEO plugin v25.5 - https:\/\/yoast.com\/wordpress\/plugins\/seo\/ -->\n<title>Accueil -<\/title>\n<meta name=\"robots\" content=\"index, follow, max-snippet:-1, max-image-preview:large, max-video-preview:-1\" \/>\n<link rel=\"canonical\" href=\"http:\/\/bois-colombes-sports-tennis-de-table.fr\/bcstt\/\" \/>\n<meta property=\"og:locale\" content=\"fr_FR\" \/>\n<meta property=\"og:type\" content=\"article\" \/>\n<meta property=\"og:title\" content=\"Accueil -\" \/>\n<meta property=\"og:description\" content=\"\u00a0 Infos: \u00a0 \u00a0 Acc\u00e8s direct au planning des cours: cliquez ici \u00a0 \u00a0 \u00a0 Retrouvez toutes les photos des \u00e9v\u00e9nements \u00e0 l&#8217;adresse suivante:\u00a0https:\/\/www.flickr.com\/photos\/bcstt\/albums \u00a0 [...]\" \/>\n<meta property=\"og:url\" content=\"http:\/\/bois-colombes-sports-tennis-de-table.fr\/bcstt\/\" \/>\n<meta property=\"article:publisher\" content=\"https:\/\/www.facebook.com\/BCSTennisdeTable\" \/>\n<meta property=\"article:modified_time\" content=\"2024-09-04T06:07:27+00:00\" \/>\n<meta property=\"og:image\" content=\"http:\/\/bois-colombes-sports-tennis-de-table.fr\/bcstt\/wp-content\/uploads\/2020\/04\/logo-bcs-bienvenue.png\" \/>\n<meta name=\"twitter:label1\" content=\"Dur\u00e9e de lecture estim\u00e9e\" \/>\n\t<meta name=\"twitter:data1\" content=\"2 minutes\" \/>\n<script type=\"application\/ld+json\" class=\"yoast-schema-graph\">{\"@context\":\"https:\/\/schema.org\",\"@graph\":[{\"@type\":\"WebPage\",\"@id\":\"http:\/\/bois-colombes-sports-tennis-de-table.fr\/bcstt\/\",\"url\":\"http:\/\/bois-colombes-sports-tennis-de-table.fr\/bcstt\/\",\"name\":\"Accueil -\",\"isPartOf\":{\"@id\":\"https:\/\/bois-colombes-sports-tennis-de-table.fr\/bcstt\/#website\"},\"primaryImageOfPage\":{\"@id\":\"http:\/\/bois-colombes-sports-tennis-de-table.fr\/bcstt\/#primaryimage\"},\"image\":{\"@id\":\"http:\/\/bois-colombes-sports-tennis-de-table.fr\/bcstt\/#primaryimage\"},\"thumbnailUrl\":\"http:\/\/bois-colombes-sports-tennis-de-table.fr\/bcstt\/wp-content\/uploads\/2020\/04\/logo-bcs-bienvenue.png\",\"datePublished\":\"2014-08-27T08:09:57+00:00\",\"dateModified\":\"2024-09-04T06:07:27+00:00\",\"breadcrumb\":{\"@id\":\"http:\/\/bois-colombes-sports-tennis-de-table.fr\/bcstt\/#breadcrumb\"},\"inLanguage\":\"fr-FR\",\"potentialAction\":[{\"@type\":\"ReadAction\",\"target\":[\"http:\/\/bois-colombes-sports-tennis-de-table.fr\/bcstt\/\"]}]},{\"@type\":\"ImageObject\",\"inLanguage\":\"fr-FR\",\"@id\":\"http:\/\/bois-colombes-sports-tennis-de-table.fr\/bcstt\/#primaryimage\",\"url\":\"http:\/\/bois-colombes-sports-tennis-de-table.fr\/bcstt\/wp-content\/uploads\/2020\/04\/logo-bcs-bienvenue.png\",\"contentUrl\":\"http:\/\/bois-colombes-sports-tennis-de-table.fr\/bcstt\/wp-content\/uploads\/2020\/04\/logo-bcs-bienvenue.png\",\"width\":801,\"height\":101},{\"@type\":\"BreadcrumbList\",\"@id\":\"http:\/\/bois-colombes-sports-tennis-de-table.fr\/bcstt\/#breadcrumb\",\"itemListElement\":[{\"@type\":\"ListItem\",\"position\":1,\"name\":\"Accueil\",\"item\":\"http:\/\/bois-colombes-sports-tennis-de-table.fr\/bcstt\/\"},{\"@type\":\"ListItem\",\"position\":2,\"name\":\"Accueil\"}]},{\"@type\":\"WebSite\",\"@id\":\"https:\/\/bois-colombes-sports-tennis-de-table.fr\/bcstt\/#website\",\"url\":\"https:\/\/bois-colombes-sports-tennis-de-table.fr\/bcstt\/\",\"name\":\"\",\"description\":\"\",\"potentialAction\":[{\"@type\":\"SearchAction\",\"target\":{\"@type\":\"EntryPoint\",\"urlTemplate\":\"https:\/\/bois-colombes-sports-tennis-de-table.fr\/bcstt\/?s={search_term_string}\"},\"query-input\":{\"@type\":\"PropertyValueSpecification\",\"valueRequired\":true,\"valueName\":\"search_term_string\"}}],\"inLanguage\":\"fr-FR\"}]}<\/script>\n<!-- \/ Yoast SEO plugin. -->","yoast_head_json":{"title":"Accueil -","robots":{"index":"index","follow":"follow","max-snippet":"max-snippet:-1","max-image-preview":"max-image-preview:large","max-video-preview":"max-video-preview:-1"},"canonical":"http:\/\/bois-colombes-sports-tennis-de-table.fr\/bcstt\/","og_locale":"fr_FR","og_type":"article","og_title":"Accueil -","og_description":"\u00a0 Infos: \u00a0 \u00a0 Acc\u00e8s direct au planning des cours: cliquez ici \u00a0 \u00a0 \u00a0 Retrouvez toutes les photos des \u00e9v\u00e9nements \u00e0 l&#8217;adresse suivante:\u00a0https:\/\/www.flickr.com\/photos\/bcstt\/albums \u00a0 [...]","og_url":"http:\/\/bois-colombes-sports-tennis-de-table.fr\/bcstt\/","article_publisher":"https:\/\/www.facebook.com\/BCSTennisdeTable","article_modified_time":"2024-09-04T06:07:27+00:00","og_image":[{"url":"http:\/\/bois-colombes-sports-tennis-de-table.fr\/bcstt\/wp-content\/uploads\/2020\/04\/logo-bcs-bienvenue.png","type":"","width":"","height":""}],"twitter_misc":{"Dur\u00e9e de lecture estim\u00e9e":"2 minutes"},"schema":{"@context":"https:\/\/schema.org","@graph":[{"@type":"WebPage","@id":"http:\/\/bois-colombes-sports-tennis-de-table.fr\/bcstt\/","url":"http:\/\/bois-colombes-sports-tennis-de-table.fr\/bcstt\/","name":"Accueil -","isPartOf":{"@id":"https:\/\/bois-colombes-sports-tennis-de-table.fr\/bcstt\/#website"},"primaryImageOfPage":{"@id":"http:\/\/bois-colombes-sports-tennis-de-table.fr\/bcstt\/#primaryimage"},"image":{"@id":"http:\/\/bois-colombes-sports-tennis-de-table.fr\/bcstt\/#primaryimage"},"thumbnailUrl":"http:\/\/bois-colombes-sports-tennis-de-table.fr\/bcstt\/wp-content\/uploads\/2020\/04\/logo-bcs-bienvenue.png","datePublished":"2014-08-27T08:09:57+00:00","dateModified":"2024-09-04T06:07:27+00:00","breadcrumb":{"@id":"http:\/\/bois-colombes-sports-tennis-de-table.fr\/bcstt\/#breadcrumb"},"inLanguage":"fr-FR","potentialAction":[{"@type":"ReadAction","target":["http:\/\/bois-colombes-sports-tennis-de-table.fr\/bcstt\/"]}]},{"@type":"ImageObject","inLanguage":"fr-FR","@id":"http:\/\/bois-colombes-sports-tennis-de-table.fr\/bcstt\/#primaryimage","url":"http:\/\/bois-colombes-sports-tennis-de-table.fr\/bcstt\/wp-content\/uploads\/2020\/04\/logo-bcs-bienvenue.png","contentUrl":"http:\/\/bois-colombes-sports-tennis-de-table.fr\/bcstt\/wp-content\/uploads\/2020\/04\/logo-bcs-bienvenue.png","width":801,"height":101},{"@type":"BreadcrumbList","@id":"http:\/\/bois-colombes-sports-tennis-de-table.fr\/bcstt\/#breadcrumb","itemListElement":[{"@type":"ListItem","position":1,"name":"Accueil","item":"http:\/\/bois-colombes-sports-tennis-de-table.fr\/bcstt\/"},{"@type":"ListItem","position":2,"name":"Accueil"}]},{"@type":"WebSite","@id":"https:\/\/bois-colombes-sports-tennis-de-table.fr\/bcstt\/#website","url":"https:\/\/bois-colombes-sports-tennis-de-table.fr\/bcstt\/","name":"","description":"","potentialAction":[{"@type":"SearchAction","target":{"@type":"EntryPoint","urlTemplate":"https:\/\/bois-colombes-sports-tennis-de-table.fr\/bcstt\/?s={search_term_string}"},"query-input":{"@type":"PropertyValueSpecification","valueRequired":true,"valueName":"search_term_string"}}],"inLanguage":"fr-FR"}]}},"_links":{"self":[{"href":"http:\/\/bois-colombes-sports-tennis-de-table.fr\/bcstt\/wp-json\/wp\/v2\/pages\/668"}],"collection":[{"href":"http:\/\/bois-colombes-sports-tennis-de-table.fr\/bcstt\/wp-json\/wp\/v2\/pages"}],"about":[{"href":"http:\/\/bois-colombes-sports-tennis-de-table.fr\/bcstt\/wp-json\/wp\/v2\/types\/page"}],"author":[{"embeddable":true,"href":"http:\/\/bois-colombes-sports-tennis-de-table.fr\/bcstt\/wp-json\/wp\/v2\/users\/1"}],"replies":[{"embeddable":true,"href":"http:\/\/bois-colombes-sports-tennis-de-table.fr\/bcstt\/wp-json\/wp\/v2\/comments?post=668"}],"version-history":[{"count":322,"href":"http:\/\/bois-colombes-sports-tennis-de-table.fr\/bcstt\/wp-json\/wp\/v2\/pages\/668\/revisions"}],"predecessor-version":[{"id":5127,"href":"http:\/\/bois-colombes-sports-tennis-de-table.fr\/bcstt\/wp-json\/wp\/v2\/pages\/668\/revisions\/5127"}],"wp:attachment":[{"href":"http:\/\/bois-colombes-sports-tennis-de-table.fr\/bcstt\/wp-json\/wp\/v2\/media?parent=668"}],"curies":[{"name":"wp","href":"https:\/\/api.w.org\/{rel}","templated":true}]}}