{"id":3934,"date":"2017-03-09T13:55:14","date_gmt":"2017-03-09T12:55:14","guid":{"rendered":"http:\/\/bois-colombes-sports-tennis-de-table.fr\/bcstt\/?page_id=3934"},"modified":"2021-06-11T10:17:33","modified_gmt":"2021-06-11T09:17:33","slug":"utile","status":"publish","type":"page","link":"http:\/\/bois-colombes-sports-tennis-de-table.fr\/bcstt\/utile\/","title":{"rendered":"R\u00e8glements et documents utiles"},"content":{"rendered":"<p><a href=\"http:\/\/bois-colombes-sports-tennis-de-table.fr\/bcstt\/wp-content\/uploads\/2014\/07\/certificat-medical.pdf\">Courrier concernant le certificat m\u00e9dical\u00a0<\/a><\/p>\n<p><a href=\"http:\/\/bois-colombes-sports-tennis-de-table.fr\/bcstt\/wp-content\/uploads\/2020\/09\/Rgt_Criterium_Federal_2020_2021.pdf\">R\u00e8glement Crit\u00e9rium F\u00e9d\u00e9ral d\u00e9partemental 2020-2021<\/a><\/p>\n<p><a href=\"http:\/\/bois-colombes-sports-tennis-de-table.fr\/bcstt\/wp-content\/uploads\/2020\/09\/Rgt_Chpt_Equipes_2020_2021.pdf\">R\u00e8glement championnat par \u00e9quipes d\u00e9partemental<\/a><\/p>\n<p><a href=\"http:\/\/bois-colombes-sports-tennis-de-table.fr\/bcstt\/wp-content\/uploads\/2020\/09\/Rgt_Tournoi_Poussins_2020_2021.pdf\">R\u00e8glement Tournois Poussins<\/a><\/p>\n<p><a href=\"http:\/\/bois-colombes-sports-tennis-de-table.fr\/bcstt\/wp-content\/uploads\/2020\/09\/derogation-BCS-2020-2021.pdf\">D\u00e9rogation 3 tables &#8211; Championnat de France par \u00e9quipes 2020\/ 2021<\/a><\/p>\n<p>Si vous recherchez les adresses des clubs, voici un lien :<\/p>\n<p><a href=\"http:\/\/www.ping92.com\/clubs\/clubs-libres\/\">http:\/\/www.ping92.com\/clubs\/clubs-libres\/<\/a><\/p>\n<p>\u00a0<\/p><p><\/p>","protected":false},"excerpt":{"rendered":"<div class=\"mh-excerpt\"><p>Courrier concernant le certificat m\u00e9dical\u00a0 R\u00e8glement Crit\u00e9rium F\u00e9d\u00e9ral d\u00e9partemental 2020-2021 R\u00e8glement championnat par \u00e9quipes d\u00e9partemental R\u00e8glement Tournois Poussins D\u00e9rogation 3 tables &#8211; Championnat de France <a class=\"mh-excerpt-more\" href=\"http:\/\/bois-colombes-sports-tennis-de-table.fr\/bcstt\/utile\/\" title=\"R\u00e8glements et documents utiles\">[&#8230;]<\/a><\/p>\n<\/div>","protected":false},"author":1,"featured_media":0,"parent":0,"menu_order":0,"comment_status":"closed","ping_status":"closed","template":"","meta":{"_exactmetrics_skip_tracking":false,"_exactmetrics_sitenote_active":false,"_exactmetrics_sitenote_note":"","_exactmetrics_sitenote_category":0,"footnotes":""},"class_list":["post-3934","page","type-page","status-publish","hentry"],"yoast_head":"<!-- This site is optimized with the Yoast SEO plugin v25.5 - https:\/\/yoast.com\/wordpress\/plugins\/seo\/ -->\n<title>R\u00e8glements et documents utiles -<\/title>\n<meta name=\"robots\" content=\"index, follow, max-snippet:-1, max-image-preview:large, max-video-preview:-1\" \/>\n<link rel=\"canonical\" href=\"https:\/\/bois-colombes-sports-tennis-de-table.fr\/bcstt\/utile\/\" \/>\n<meta property=\"og:locale\" content=\"fr_FR\" \/>\n<meta property=\"og:type\" content=\"article\" \/>\n<meta property=\"og:title\" content=\"R\u00e8glements et documents utiles -\" \/>\n<meta property=\"og:description\" content=\"Courrier concernant le certificat m\u00e9dical\u00a0 R\u00e8glement Crit\u00e9rium F\u00e9d\u00e9ral d\u00e9partemental 2020-2021 R\u00e8glement championnat par \u00e9quipes d\u00e9partemental R\u00e8glement Tournois Poussins D\u00e9rogation 3 tables &#8211; Championnat de France [...]\" \/>\n<meta property=\"og:url\" content=\"https:\/\/bois-colombes-sports-tennis-de-table.fr\/bcstt\/utile\/\" \/>\n<meta property=\"article:publisher\" content=\"https:\/\/www.facebook.com\/BCSTennisdeTable\" \/>\n<meta property=\"article:modified_time\" content=\"2021-06-11T09:17:33+00:00\" \/>\n<script type=\"application\/ld+json\" class=\"yoast-schema-graph\">{\"@context\":\"https:\/\/schema.org\",\"@graph\":[{\"@type\":\"WebPage\",\"@id\":\"https:\/\/bois-colombes-sports-tennis-de-table.fr\/bcstt\/utile\/\",\"url\":\"https:\/\/bois-colombes-sports-tennis-de-table.fr\/bcstt\/utile\/\",\"name\":\"R\u00e8glements et documents utiles -\",\"isPartOf\":{\"@id\":\"http:\/\/bois-colombes-sports-tennis-de-table.fr\/bcstt\/#website\"},\"datePublished\":\"2017-03-09T12:55:14+00:00\",\"dateModified\":\"2021-06-11T09:17:33+00:00\",\"breadcrumb\":{\"@id\":\"https:\/\/bois-colombes-sports-tennis-de-table.fr\/bcstt\/utile\/#breadcrumb\"},\"inLanguage\":\"fr-FR\",\"potentialAction\":[{\"@type\":\"ReadAction\",\"target\":[\"https:\/\/bois-colombes-sports-tennis-de-table.fr\/bcstt\/utile\/\"]}]},{\"@type\":\"BreadcrumbList\",\"@id\":\"https:\/\/bois-colombes-sports-tennis-de-table.fr\/bcstt\/utile\/#breadcrumb\",\"itemListElement\":[{\"@type\":\"ListItem\",\"position\":1,\"name\":\"Accueil\",\"item\":\"http:\/\/bois-colombes-sports-tennis-de-table.fr\/bcstt\/\"},{\"@type\":\"ListItem\",\"position\":2,\"name\":\"R\u00e8glements et documents utiles\"}]},{\"@type\":\"WebSite\",\"@id\":\"http:\/\/bois-colombes-sports-tennis-de-table.fr\/bcstt\/#website\",\"url\":\"http:\/\/bois-colombes-sports-tennis-de-table.fr\/bcstt\/\",\"name\":\"\",\"description\":\"\",\"potentialAction\":[{\"@type\":\"SearchAction\",\"target\":{\"@type\":\"EntryPoint\",\"urlTemplate\":\"http:\/\/bois-colombes-sports-tennis-de-table.fr\/bcstt\/?s={search_term_string}\"},\"query-input\":{\"@type\":\"PropertyValueSpecification\",\"valueRequired\":true,\"valueName\":\"search_term_string\"}}],\"inLanguage\":\"fr-FR\"}]}<\/script>\n<!-- \/ Yoast SEO plugin. -->","yoast_head_json":{"title":"R\u00e8glements et documents utiles -","robots":{"index":"index","follow":"follow","max-snippet":"max-snippet:-1","max-image-preview":"max-image-preview:large","max-video-preview":"max-video-preview:-1"},"canonical":"https:\/\/bois-colombes-sports-tennis-de-table.fr\/bcstt\/utile\/","og_locale":"fr_FR","og_type":"article","og_title":"R\u00e8glements et documents utiles -","og_description":"Courrier concernant le certificat m\u00e9dical\u00a0 R\u00e8glement Crit\u00e9rium F\u00e9d\u00e9ral d\u00e9partemental 2020-2021 R\u00e8glement championnat par \u00e9quipes d\u00e9partemental R\u00e8glement Tournois Poussins D\u00e9rogation 3 tables &#8211; Championnat de France [...]","og_url":"https:\/\/bois-colombes-sports-tennis-de-table.fr\/bcstt\/utile\/","article_publisher":"https:\/\/www.facebook.com\/BCSTennisdeTable","article_modified_time":"2021-06-11T09:17:33+00:00","schema":{"@context":"https:\/\/schema.org","@graph":[{"@type":"WebPage","@id":"https:\/\/bois-colombes-sports-tennis-de-table.fr\/bcstt\/utile\/","url":"https:\/\/bois-colombes-sports-tennis-de-table.fr\/bcstt\/utile\/","name":"R\u00e8glements et documents utiles -","isPartOf":{"@id":"http:\/\/bois-colombes-sports-tennis-de-table.fr\/bcstt\/#website"},"datePublished":"2017-03-09T12:55:14+00:00","dateModified":"2021-06-11T09:17:33+00:00","breadcrumb":{"@id":"https:\/\/bois-colombes-sports-tennis-de-table.fr\/bcstt\/utile\/#breadcrumb"},"inLanguage":"fr-FR","potentialAction":[{"@type":"ReadAction","target":["https:\/\/bois-colombes-sports-tennis-de-table.fr\/bcstt\/utile\/"]}]},{"@type":"BreadcrumbList","@id":"https:\/\/bois-colombes-sports-tennis-de-table.fr\/bcstt\/utile\/#breadcrumb","itemListElement":[{"@type":"ListItem","position":1,"name":"Accueil","item":"http:\/\/bois-colombes-sports-tennis-de-table.fr\/bcstt\/"},{"@type":"ListItem","position":2,"name":"R\u00e8glements et documents utiles"}]},{"@type":"WebSite","@id":"http:\/\/bois-colombes-sports-tennis-de-table.fr\/bcstt\/#website","url":"http:\/\/bois-colombes-sports-tennis-de-table.fr\/bcstt\/","name":"","description":"","potentialAction":[{"@type":"SearchAction","target":{"@type":"EntryPoint","urlTemplate":"http:\/\/bois-colombes-sports-tennis-de-table.fr\/bcstt\/?s={search_term_string}"},"query-input":{"@type":"PropertyValueSpecification","valueRequired":true,"valueName":"search_term_string"}}],"inLanguage":"fr-FR"}]}},"_links":{"self":[{"href":"http:\/\/bois-colombes-sports-tennis-de-table.fr\/bcstt\/wp-json\/wp\/v2\/pages\/3934"}],"collection":[{"href":"http:\/\/bois-colombes-sports-tennis-de-table.fr\/bcstt\/wp-json\/wp\/v2\/pages"}],"about":[{"href":"http:\/\/bois-colombes-sports-tennis-de-table.fr\/bcstt\/wp-json\/wp\/v2\/types\/page"}],"author":[{"embeddable":true,"href":"http:\/\/bois-colombes-sports-tennis-de-table.fr\/bcstt\/wp-json\/wp\/v2\/users\/1"}],"replies":[{"embeddable":true,"href":"http:\/\/bois-colombes-sports-tennis-de-table.fr\/bcstt\/wp-json\/wp\/v2\/comments?post=3934"}],"version-history":[{"count":7,"href":"http:\/\/bois-colombes-sports-tennis-de-table.fr\/bcstt\/wp-json\/wp\/v2\/pages\/3934\/revisions"}],"predecessor-version":[{"id":4692,"href":"http:\/\/bois-colombes-sports-tennis-de-table.fr\/bcstt\/wp-json\/wp\/v2\/pages\/3934\/revisions\/4692"}],"wp:attachment":[{"href":"http:\/\/bois-colombes-sports-tennis-de-table.fr\/bcstt\/wp-json\/wp\/v2\/media?parent=3934"}],"curies":[{"name":"wp","href":"https:\/\/api.w.org\/{rel}","templated":true}]}}