{"id":2385,"date":"2015-12-18T10:45:20","date_gmt":"2015-12-18T09:45:20","guid":{"rendered":"http:\/\/bois-colombes-sports-tennis-de-table.fr\/bcstt\/?page_id=2385"},"modified":"2020-09-29T13:59:06","modified_gmt":"2020-09-29T12:59:06","slug":"equipe-8","status":"publish","type":"page","link":"http:\/\/bois-colombes-sports-tennis-de-table.fr\/bcstt\/equipe-8\/","title":{"rendered":"Equipe 8"},"content":{"rendered":"Probl\u00e8me lors de la r\u00e9cup\u00e9ration des r\u00e9sultats\n","protected":false},"excerpt":{"rendered":"<div class=\"mh-excerpt\"><\/div>","protected":false},"author":1,"featured_media":0,"parent":0,"menu_order":0,"comment_status":"closed","ping_status":"open","template":"","meta":{"_exactmetrics_skip_tracking":false,"_exactmetrics_sitenote_active":false,"_exactmetrics_sitenote_note":"","_exactmetrics_sitenote_category":0,"footnotes":""},"class_list":["post-2385","page","type-page","status-publish","hentry"],"yoast_head":"<!-- This site is optimized with the Yoast SEO plugin v25.5 - https:\/\/yoast.com\/wordpress\/plugins\/seo\/ -->\n<title>Equipe 8 -<\/title>\n<meta name=\"robots\" content=\"index, follow, max-snippet:-1, max-image-preview:large, max-video-preview:-1\" \/>\n<link rel=\"canonical\" href=\"http:\/\/bois-colombes-sports-tennis-de-table.fr\/bcstt\/equipe-8\/\" \/>\n<meta property=\"og:locale\" content=\"fr_FR\" \/>\n<meta property=\"og:type\" content=\"article\" \/>\n<meta property=\"og:title\" content=\"Equipe 8 -\" \/>\n<meta property=\"og:url\" content=\"http:\/\/bois-colombes-sports-tennis-de-table.fr\/bcstt\/equipe-8\/\" \/>\n<meta property=\"article:publisher\" content=\"https:\/\/www.facebook.com\/BCSTennisdeTable\" \/>\n<meta property=\"article:modified_time\" content=\"2020-09-29T12:59:06+00:00\" \/>\n<script type=\"application\/ld+json\" class=\"yoast-schema-graph\">{\"@context\":\"https:\/\/schema.org\",\"@graph\":[{\"@type\":\"WebPage\",\"@id\":\"http:\/\/bois-colombes-sports-tennis-de-table.fr\/bcstt\/equipe-8\/\",\"url\":\"http:\/\/bois-colombes-sports-tennis-de-table.fr\/bcstt\/equipe-8\/\",\"name\":\"Equipe 8 -\",\"isPartOf\":{\"@id\":\"https:\/\/bois-colombes-sports-tennis-de-table.fr\/bcstt\/#website\"},\"datePublished\":\"2015-12-18T09:45:20+00:00\",\"dateModified\":\"2020-09-29T12:59:06+00:00\",\"breadcrumb\":{\"@id\":\"http:\/\/bois-colombes-sports-tennis-de-table.fr\/bcstt\/equipe-8\/#breadcrumb\"},\"inLanguage\":\"fr-FR\",\"potentialAction\":[{\"@type\":\"ReadAction\",\"target\":[\"http:\/\/bois-colombes-sports-tennis-de-table.fr\/bcstt\/equipe-8\/\"]}]},{\"@type\":\"BreadcrumbList\",\"@id\":\"http:\/\/bois-colombes-sports-tennis-de-table.fr\/bcstt\/equipe-8\/#breadcrumb\",\"itemListElement\":[{\"@type\":\"ListItem\",\"position\":1,\"name\":\"Accueil\",\"item\":\"http:\/\/bois-colombes-sports-tennis-de-table.fr\/bcstt\/\"},{\"@type\":\"ListItem\",\"position\":2,\"name\":\"Equipe 8\"}]},{\"@type\":\"WebSite\",\"@id\":\"https:\/\/bois-colombes-sports-tennis-de-table.fr\/bcstt\/#website\",\"url\":\"https:\/\/bois-colombes-sports-tennis-de-table.fr\/bcstt\/\",\"name\":\"\",\"description\":\"\",\"potentialAction\":[{\"@type\":\"SearchAction\",\"target\":{\"@type\":\"EntryPoint\",\"urlTemplate\":\"https:\/\/bois-colombes-sports-tennis-de-table.fr\/bcstt\/?s={search_term_string}\"},\"query-input\":{\"@type\":\"PropertyValueSpecification\",\"valueRequired\":true,\"valueName\":\"search_term_string\"}}],\"inLanguage\":\"fr-FR\"}]}<\/script>\n<!-- \/ Yoast SEO plugin. -->","yoast_head_json":{"title":"Equipe 8 -","robots":{"index":"index","follow":"follow","max-snippet":"max-snippet:-1","max-image-preview":"max-image-preview:large","max-video-preview":"max-video-preview:-1"},"canonical":"http:\/\/bois-colombes-sports-tennis-de-table.fr\/bcstt\/equipe-8\/","og_locale":"fr_FR","og_type":"article","og_title":"Equipe 8 -","og_url":"http:\/\/bois-colombes-sports-tennis-de-table.fr\/bcstt\/equipe-8\/","article_publisher":"https:\/\/www.facebook.com\/BCSTennisdeTable","article_modified_time":"2020-09-29T12:59:06+00:00","schema":{"@context":"https:\/\/schema.org","@graph":[{"@type":"WebPage","@id":"http:\/\/bois-colombes-sports-tennis-de-table.fr\/bcstt\/equipe-8\/","url":"http:\/\/bois-colombes-sports-tennis-de-table.fr\/bcstt\/equipe-8\/","name":"Equipe 8 -","isPartOf":{"@id":"https:\/\/bois-colombes-sports-tennis-de-table.fr\/bcstt\/#website"},"datePublished":"2015-12-18T09:45:20+00:00","dateModified":"2020-09-29T12:59:06+00:00","breadcrumb":{"@id":"http:\/\/bois-colombes-sports-tennis-de-table.fr\/bcstt\/equipe-8\/#breadcrumb"},"inLanguage":"fr-FR","potentialAction":[{"@type":"ReadAction","target":["http:\/\/bois-colombes-sports-tennis-de-table.fr\/bcstt\/equipe-8\/"]}]},{"@type":"BreadcrumbList","@id":"http:\/\/bois-colombes-sports-tennis-de-table.fr\/bcstt\/equipe-8\/#breadcrumb","itemListElement":[{"@type":"ListItem","position":1,"name":"Accueil","item":"http:\/\/bois-colombes-sports-tennis-de-table.fr\/bcstt\/"},{"@type":"ListItem","position":2,"name":"Equipe 8"}]},{"@type":"WebSite","@id":"https:\/\/bois-colombes-sports-tennis-de-table.fr\/bcstt\/#website","url":"https:\/\/bois-colombes-sports-tennis-de-table.fr\/bcstt\/","name":"","description":"","potentialAction":[{"@type":"SearchAction","target":{"@type":"EntryPoint","urlTemplate":"https:\/\/bois-colombes-sports-tennis-de-table.fr\/bcstt\/?s={search_term_string}"},"query-input":{"@type":"PropertyValueSpecification","valueRequired":true,"valueName":"search_term_string"}}],"inLanguage":"fr-FR"}]}},"_links":{"self":[{"href":"http:\/\/bois-colombes-sports-tennis-de-table.fr\/bcstt\/wp-json\/wp\/v2\/pages\/2385"}],"collection":[{"href":"http:\/\/bois-colombes-sports-tennis-de-table.fr\/bcstt\/wp-json\/wp\/v2\/pages"}],"about":[{"href":"http:\/\/bois-colombes-sports-tennis-de-table.fr\/bcstt\/wp-json\/wp\/v2\/types\/page"}],"author":[{"embeddable":true,"href":"http:\/\/bois-colombes-sports-tennis-de-table.fr\/bcstt\/wp-json\/wp\/v2\/users\/1"}],"replies":[{"embeddable":true,"href":"http:\/\/bois-colombes-sports-tennis-de-table.fr\/bcstt\/wp-json\/wp\/v2\/comments?post=2385"}],"version-history":[{"count":11,"href":"http:\/\/bois-colombes-sports-tennis-de-table.fr\/bcstt\/wp-json\/wp\/v2\/pages\/2385\/revisions"}],"predecessor-version":[{"id":4641,"href":"http:\/\/bois-colombes-sports-tennis-de-table.fr\/bcstt\/wp-json\/wp\/v2\/pages\/2385\/revisions\/4641"}],"wp:attachment":[{"href":"http:\/\/bois-colombes-sports-tennis-de-table.fr\/bcstt\/wp-json\/wp\/v2\/media?parent=2385"}],"curies":[{"name":"wp","href":"https:\/\/api.w.org\/{rel}","templated":true}]}}